{"id":1692,"date":"2023-08-28T21:54:06","date_gmt":"2023-08-28T21:54:06","guid":{"rendered":"https:\/\/gibanibb.com\/nuevositio\/?page_id=1692"},"modified":"2024-06-25T23:21:37","modified_gmt":"2024-06-25T23:21:37","slug":"empieza-tu-proyecto","status":"publish","type":"page","link":"https:\/\/gibanibb.com\/en\/empieza-tu-proyecto\/","title":{"rendered":"We are there for you throughout the whole process"},"content":{"rendered":"\t\t<div data-elementor-type=\"wp-page\" data-elementor-id=\"1692\" class=\"elementor elementor-1692\" data-elementor-post-type=\"page\">\n\t\t\t\t\t\t<section class=\"elementor-section elementor-top-section elementor-element elementor-element-6f4ec86 elementor-section-boxed elementor-section-height-default elementor-section-height-default\" data-id=\"6f4ec86\" data-element_type=\"section\" data-e-type=\"section\">\n\t\t\t\t\t\t<div class=\"elementor-container elementor-column-gap-default\">\n\t\t\t\t\t<div class=\"elementor-column elementor-col-100 elementor-top-column elementor-element elementor-element-66e0961\" data-id=\"66e0961\" data-element_type=\"column\" data-e-type=\"column\">\n\t\t\t<div class=\"elementor-widget-wrap elementor-element-populated\">\n\t\t\t\t\t\t<div class=\"elementor-element elementor-element-4626e61 elementor-widget elementor-widget-heading\" data-id=\"4626e61\" data-element_type=\"widget\" data-e-type=\"widget\" data-widget_type=\"heading.default\">\n\t\t\t\t<div class=\"elementor-widget-container\">\n\t\t\t\t\t<h1 class=\"elementor-heading-title elementor-size-default\">Te acompa\u00f1amos en todo tu proceso<\/h1>\t\t\t\t<\/div>\n\t\t\t\t<\/div>\n\t\t\t\t<div class=\"elementor-element elementor-element-85a8943 elementor-widget elementor-widget-heading\" data-id=\"85a8943\" data-element_type=\"widget\" data-e-type=\"widget\" data-widget_type=\"heading.default\">\n\t\t\t\t<div class=\"elementor-widget-container\">\n\t\t\t\t\t<h3 class=\"elementor-heading-title elementor-size-default\">Contamos con un amplio conocimiento y experiencia que nos\npermite cubrir tus necesidades a nivel nacional e internacional.<\/h3>\t\t\t\t<\/div>\n\t\t\t\t<\/div>\n\t\t\t\t\t<\/div>\n\t\t<\/div>\n\t\t\t\t\t<\/div>\n\t\t<\/section>\n\t\t\t\t<section class=\"elementor-section elementor-top-section elementor-element elementor-element-03cbe09 elementor-section-boxed elementor-section-height-default elementor-section-height-default\" data-id=\"03cbe09\" data-element_type=\"section\" data-e-type=\"section\">\n\t\t\t\t\t\t<div class=\"elementor-container elementor-column-gap-no\">\n\t\t\t\t\t<div class=\"elementor-column elementor-col-100 elementor-top-column elementor-element elementor-element-868572e\" data-id=\"868572e\" data-element_type=\"column\" data-e-type=\"column\">\n\t\t\t<div class=\"elementor-widget-wrap elementor-element-populated\">\n\t\t\t\t\t\t<div class=\"elementor-element elementor-element-3a91f38 elementor-widget__width-initial elementor-invisible elementor-widget elementor-widget-stratum-vertical-timeline\" data-id=\"3a91f38\" data-element_type=\"widget\" data-e-type=\"widget\" data-settings=\"{&quot;_animation&quot;:&quot;fadeIn&quot;}\" data-widget_type=\"stratum-vertical-timeline.default\">\n\t\t\t\t<div class=\"elementor-widget-container\">\n\t\t\t\t\t<div class=\"stratum-vertical-timeline stratum-vertical-timeline--align-middle\" data-animation=\"none\">\n\t<div class=\"stratum-vertical-timeline__line\">\n        <div class=\"stratum-vertical-timeline__line-progress\"><\/div>\n    <\/div>\n\n    <div class=\"stratum-vertical-timeline__list\">            <div class=\"stratum-vertical-timeline-item card-chess elementor-repeater-item-26b21a4\">\n                <div class=\"stratum-vertical-timeline-item__inner stratum-vertical-timeline-item__inner\">\n                    <div class=\"stratum-vertical-timeline-item__card\">\n                        <div class=\"stratum-vertical-timeline-item__card-inner\">\n\t\t\t\t\t\t\t                            <div class=\"stratum-vertical-timeline-item__card-content\">\n                            <div class=\"stratum-vertical-timeline-item__meta-copy\">\n                                <div class=\"stratum-vertical-timeline-item__meta-content\">\n                                                                    <\/div>\n                            <\/div>\n\t\t\t\t\t\t\t\n                                <h5 class=\"stratum-vertical-timeline-item__card-title\">\n\t\t\t\t\t\t\t\t\tNuestra l\u00ednea de productos\t\t\t\t\t\t\t\t<\/h5>\n\n\t\t\t\t\t\t\t\t\t\t\t\t\t\t\t\t\t<div class=\"stratum-vertical-timeline-item__card-description\">\n\t\t\t\t\t\t\t\t\t\tPolvos - L\u00edquidos - C\u00e1psulas - Jarabes y Geles.\t\t\t\t\t\t\t\t\t<\/div>\n\t\t\t\t\t\t\t\t                            <\/div>\n                            <div class=\"stratum-vertical-timeline-item__card-arrow\"><\/div>\n                        <\/div>\n                    <\/div>\n\n                    <div class=\"stratum-vertical-timeline-item__point\">\n                        <div class=\"stratum-vertical-timeline-item__point-content stratum-vertical-timeline-item__point-content--icon\"><span class='stratum-vertical-timeline-item__icon'><\/span><\/div>                    <\/div>\n\n                    <div class=\"stratum-vertical-timeline-item__meta\">\n                        <div class=\"stratum-vertical-timeline-item__meta-content\">\n\t\t\t\t\t\t\t\t\t\t\t\t\t<\/div>\n                    <\/div>\n\n                <\/div>\n            <\/div>\n                    <div class=\"stratum-vertical-timeline-item card-chess elementor-repeater-item-b4864f5\">\n                <div class=\"stratum-vertical-timeline-item__inner stratum-vertical-timeline-item__inner\">\n                    <div class=\"stratum-vertical-timeline-item__card\">\n                        <div class=\"stratum-vertical-timeline-item__card-inner\">\n\t\t\t\t\t\t\t                            <div class=\"stratum-vertical-timeline-item__card-content\">\n                            <div class=\"stratum-vertical-timeline-item__meta-copy\">\n                                <div class=\"stratum-vertical-timeline-item__meta-content\">\n                                                                    <\/div>\n                            <\/div>\n\t\t\t\t\t\t\t\n                                <h5 class=\"stratum-vertical-timeline-item__card-title\">\n\t\t\t\t\t\t\t\t\tInvestigaci\u00f3n y Desarrollo\t\t\t\t\t\t\t\t<\/h5>\n\n\t\t\t\t\t\t\t\t\t\t\t\t\t\t\t\t\t<div class=\"stratum-vertical-timeline-item__card-description\">\n\t\t\t\t\t\t\t\t\t\tDesarrollo de f\u00f3rmulas Ad Hoc.\t\t\t\t\t\t\t\t\t<\/div>\n\t\t\t\t\t\t\t\t                            <\/div>\n                            <div class=\"stratum-vertical-timeline-item__card-arrow\"><\/div>\n                        <\/div>\n                    <\/div>\n\n                    <div class=\"stratum-vertical-timeline-item__point\">\n                        <div class=\"stratum-vertical-timeline-item__point-content stratum-vertical-timeline-item__point-content--icon\"><span class='stratum-vertical-timeline-item__icon'><\/span><\/div>                    <\/div>\n\n                    <div class=\"stratum-vertical-timeline-item__meta\">\n                        <div class=\"stratum-vertical-timeline-item__meta-content\">\n\t\t\t\t\t\t\t\t\t\t\t\t\t<\/div>\n                    <\/div>\n\n                <\/div>\n            <\/div>\n                    <div class=\"stratum-vertical-timeline-item card-chess elementor-repeater-item-d02ccf3\">\n                <div class=\"stratum-vertical-timeline-item__inner stratum-vertical-timeline-item__inner\">\n                    <div class=\"stratum-vertical-timeline-item__card\">\n                        <div class=\"stratum-vertical-timeline-item__card-inner\">\n\t\t\t\t\t\t\t                            <div class=\"stratum-vertical-timeline-item__card-content\">\n                            <div class=\"stratum-vertical-timeline-item__meta-copy\">\n                                <div class=\"stratum-vertical-timeline-item__meta-content\">\n                                                                    <\/div>\n                            <\/div>\n\t\t\t\t\t\t\t\n                                <h5 class=\"stratum-vertical-timeline-item__card-title\">\n\t\t\t\t\t\t\t\t\tAsesor\u00eda regulatoria\t\t\t\t\t\t\t\t<\/h5>\n\n\t\t\t\t\t\t\t\t\t\t\t\t\t\t\t\t\t<div class=\"stratum-vertical-timeline-item__card-description\">\n\t\t\t\t\t\t\t\t\t\tGesti\u00f3n de documentos\noficiales ante COFEPRIS.\t\t\t\t\t\t\t\t\t<\/div>\n\t\t\t\t\t\t\t\t                            <\/div>\n                            <div class=\"stratum-vertical-timeline-item__card-arrow\"><\/div>\n                        <\/div>\n                    <\/div>\n\n                    <div class=\"stratum-vertical-timeline-item__point\">\n                        <div class=\"stratum-vertical-timeline-item__point-content stratum-vertical-timeline-item__point-content--icon\"><span class='stratum-vertical-timeline-item__icon'><\/span><\/div>                    <\/div>\n\n                    <div class=\"stratum-vertical-timeline-item__meta\">\n                        <div class=\"stratum-vertical-timeline-item__meta-content\">\n\t\t\t\t\t\t\t\t\t\t\t\t\t<\/div>\n                    <\/div>\n\n                <\/div>\n            <\/div>\n                    <div class=\"stratum-vertical-timeline-item card-chess elementor-repeater-item-e75f03f\">\n                <div class=\"stratum-vertical-timeline-item__inner stratum-vertical-timeline-item__inner\">\n                    <div class=\"stratum-vertical-timeline-item__card\">\n                        <div class=\"stratum-vertical-timeline-item__card-inner\">\n\t\t\t\t\t\t\t                            <div class=\"stratum-vertical-timeline-item__card-content\">\n                            <div class=\"stratum-vertical-timeline-item__meta-copy\">\n                                <div class=\"stratum-vertical-timeline-item__meta-content\">\n                                                                    <\/div>\n                            <\/div>\n\t\t\t\t\t\t\t\n                                <h5 class=\"stratum-vertical-timeline-item__card-title\">\n\t\t\t\t\t\t\t\t\tDise\u00f1o y Materiales\t\t\t\t\t\t\t\t<\/h5>\n\n\t\t\t\t\t\t\t\t\t\t\t\t\t\t\t\t\t<div class=\"stratum-vertical-timeline-item__card-description\">\n\t\t\t\t\t\t\t\t\t\tMateriales y envases apropiados; informaci\u00f3n descriptiva apegadas a principios normativos.\t\t\t\t\t\t\t\t\t<\/div>\n\t\t\t\t\t\t\t\t                            <\/div>\n                            <div class=\"stratum-vertical-timeline-item__card-arrow\"><\/div>\n                        <\/div>\n                    <\/div>\n\n                    <div class=\"stratum-vertical-timeline-item__point\">\n                        <div class=\"stratum-vertical-timeline-item__point-content stratum-vertical-timeline-item__point-content--icon\"><span class='stratum-vertical-timeline-item__icon'><\/span><\/div>                    <\/div>\n\n                    <div class=\"stratum-vertical-timeline-item__meta\">\n                        <div class=\"stratum-vertical-timeline-item__meta-content\">\n\t\t\t\t\t\t\t\t\t\t\t\t\t<\/div>\n                    <\/div>\n\n                <\/div>\n            <\/div>\n                    <div class=\"stratum-vertical-timeline-item card-chess elementor-repeater-item-b31b261\">\n                <div class=\"stratum-vertical-timeline-item__inner stratum-vertical-timeline-item__inner\">\n                    <div class=\"stratum-vertical-timeline-item__card\">\n                        <div class=\"stratum-vertical-timeline-item__card-inner\">\n\t\t\t\t\t\t\t                            <div class=\"stratum-vertical-timeline-item__card-content\">\n                            <div class=\"stratum-vertical-timeline-item__meta-copy\">\n                                <div class=\"stratum-vertical-timeline-item__meta-content\">\n                                                                    <\/div>\n                            <\/div>\n\t\t\t\t\t\t\t\n                                <h5 class=\"stratum-vertical-timeline-item__card-title\">\n\t\t\t\t\t\t\t\t\tManufactura\t\t\t\t\t\t\t\t<\/h5>\n\n\t\t\t\t\t\t\t\t\t\t\t\t\t\t\t\t\t<div class=\"stratum-vertical-timeline-item__card-description\">\n\t\t\t\t\t\t\t\t\t\tCertificados de producci\u00f3n y calidad. BPM - COFEPRIS - Registro ante FDA.\t\t\t\t\t\t\t\t\t<\/div>\n\t\t\t\t\t\t\t\t                            <\/div>\n                            <div class=\"stratum-vertical-timeline-item__card-arrow\"><\/div>\n                        <\/div>\n                    <\/div>\n\n                    <div class=\"stratum-vertical-timeline-item__point\">\n                        <div class=\"stratum-vertical-timeline-item__point-content stratum-vertical-timeline-item__point-content--icon\"><span class='stratum-vertical-timeline-item__icon'><\/span><\/div>                    <\/div>\n\n                    <div class=\"stratum-vertical-timeline-item__meta\">\n                        <div class=\"stratum-vertical-timeline-item__meta-content\">\n\t\t\t\t\t\t\t\t\t\t\t\t\t<\/div>\n                    <\/div>\n\n                <\/div>\n            <\/div>\n                    <div class=\"stratum-vertical-timeline-item card-chess elementor-repeater-item-36af5db\">\n                <div class=\"stratum-vertical-timeline-item__inner stratum-vertical-timeline-item__inner\">\n                    <div class=\"stratum-vertical-timeline-item__card\">\n                        <div class=\"stratum-vertical-timeline-item__card-inner\">\n\t\t\t\t\t\t\t                            <div class=\"stratum-vertical-timeline-item__card-content\">\n                            <div class=\"stratum-vertical-timeline-item__meta-copy\">\n                                <div class=\"stratum-vertical-timeline-item__meta-content\">\n                                                                    <\/div>\n                            <\/div>\n\t\t\t\t\t\t\t\n                                <h5 class=\"stratum-vertical-timeline-item__card-title\">\n\t\t\t\t\t\t\t\t\tLog\u00edstica\t\t\t\t\t\t\t\t<\/h5>\n\n\t\t\t\t\t\t\t\t\t\t\t\t\t\t\t\t\t<div class=\"stratum-vertical-timeline-item__card-description\">\n\t\t\t\t\t\t\t\t\t\tGesti\u00f3n de almacenamiento, traslado y entrega de tu producto.\t\t\t\t\t\t\t\t\t<\/div>\n\t\t\t\t\t\t\t\t                            <\/div>\n                            <div class=\"stratum-vertical-timeline-item__card-arrow\"><\/div>\n                        <\/div>\n                    <\/div>\n\n                    <div class=\"stratum-vertical-timeline-item__point\">\n                        <div class=\"stratum-vertical-timeline-item__point-content stratum-vertical-timeline-item__point-content--icon\"><span class='stratum-vertical-timeline-item__icon'><\/span><\/div>                    <\/div>\n\n                    <div class=\"stratum-vertical-timeline-item__meta\">\n                        <div class=\"stratum-vertical-timeline-item__meta-content\">\n\t\t\t\t\t\t\t\t\t\t\t\t\t<\/div>\n                    <\/div>\n\n                <\/div>\n            <\/div>\n            <\/div>\n<\/div>\n\t\t\t\t<\/div>\n\t\t\t\t<\/div>\n\t\t\t\t\t<\/div>\n\t\t<\/div>\n\t\t\t\t\t<\/div>\n\t\t<\/section>\n\t\t\t\t<section class=\"elementor-section elementor-top-section elementor-element elementor-element-7bdc812 elementor-reverse-mobile elementor-section-boxed elementor-section-height-default elementor-section-height-default\" data-id=\"7bdc812\" data-element_type=\"section\" data-e-type=\"section\">\n\t\t\t\t\t\t<div class=\"elementor-container elementor-column-gap-default\">\n\t\t\t\t\t<div class=\"elementor-column elementor-col-100 elementor-top-column elementor-element elementor-element-d0f5d28\" data-id=\"d0f5d28\" data-element_type=\"column\" data-e-type=\"column\" data-settings=\"{&quot;background_background&quot;:&quot;classic&quot;}\">\n\t\t\t<div class=\"elementor-widget-wrap elementor-element-populated\">\n\t\t\t\t\t\t<section class=\"elementor-section elementor-inner-section elementor-element elementor-element-5b2dc7a elementor-section-boxed elementor-section-height-default elementor-section-height-default\" data-id=\"5b2dc7a\" data-element_type=\"section\" data-e-type=\"section\">\n\t\t\t\t\t\t<div class=\"elementor-container elementor-column-gap-default\">\n\t\t\t\t\t<div class=\"elementor-column elementor-col-100 elementor-inner-column elementor-element elementor-element-3675b2e\" data-id=\"3675b2e\" data-element_type=\"column\" data-e-type=\"column\" data-settings=\"{&quot;background_background&quot;:&quot;classic&quot;}\">\n\t\t\t<div class=\"elementor-widget-wrap elementor-element-populated\">\n\t\t\t\t\t\t<div class=\"elementor-element elementor-element-2697a8e animated-slow elementor-widget elementor-widget-heading\" data-id=\"2697a8e\" data-element_type=\"widget\" data-e-type=\"widget\" data-settings=\"{&quot;_animation&quot;:&quot;none&quot;,&quot;_animation_delay&quot;:800}\" data-widget_type=\"heading.default\">\n\t\t\t\t<div class=\"elementor-widget-container\">\n\t\t\t\t\t<h2 class=\"elementor-heading-title elementor-size-default\">\u00bfC\u00f3mo podemos ayudarte?<\/h2>\t\t\t\t<\/div>\n\t\t\t\t<\/div>\n\t\t\t\t<div class=\"elementor-element elementor-element-00a0e5a animated-slow elementor-widget elementor-widget-heading\" data-id=\"00a0e5a\" data-element_type=\"widget\" data-e-type=\"widget\" data-settings=\"{&quot;_animation&quot;:&quot;none&quot;,&quot;_animation_delay&quot;:800}\" data-widget_type=\"heading.default\">\n\t\t\t\t<div class=\"elementor-widget-container\">\n\t\t\t\t\t<h5 class=\"elementor-heading-title elementor-size-default\">Cont\u00e1ctanos<\/h5>\t\t\t\t<\/div>\n\t\t\t\t<\/div>\n\t\t\t\t<div class=\"elementor-element elementor-element-53cfeb0 elementor-button-align-center elementor-mobile-button-align-center elementor-widget__width-initial elementor-widget elementor-widget-form\" data-id=\"53cfeb0\" data-element_type=\"widget\" data-e-type=\"widget\" data-settings=\"{&quot;step_next_label&quot;:&quot;Siguiente&quot;,&quot;step_previous_label&quot;:&quot;Anterior&quot;,&quot;button_width&quot;:&quot;100&quot;,&quot;step_type&quot;:&quot;number_text&quot;,&quot;step_icon_shape&quot;:&quot;circle&quot;}\" data-widget_type=\"form.default\">\n\t\t\t\t<div class=\"elementor-widget-container\">\n\t\t\t\t\t\t\t<form class=\"elementor-form\" method=\"post\" name=\"COTIZAR\" aria-label=\"COTIZAR\">\n\t\t\t<input type=\"hidden\" name=\"post_id\" value=\"1692\"\/>\n\t\t\t<input type=\"hidden\" name=\"form_id\" value=\"53cfeb0\"\/>\n\t\t\t<input type=\"hidden\" name=\"referer_title\" value=\"\" \/>\n\n\t\t\t\n\t\t\t<div class=\"elementor-form-fields-wrapper elementor-labels-above\">\n\t\t\t\t\t\t\t\t<div class=\"elementor-field-type-text elementor-field-group elementor-column elementor-field-group-name elementor-col-60 elementor-field-required\">\n\t\t\t\t\t\t\t\t\t\t\t\t\t<input size=\"1\" type=\"text\" name=\"form_fields[name]\" id=\"form-field-name\" class=\"elementor-field elementor-size-lg  elementor-field-textual\" placeholder=\"Nombre\" required=\"required\">\n\t\t\t\t\t\t\t\t\t\t\t<\/div>\n\t\t\t\t\t\t\t\t<div class=\"elementor-field-type-text elementor-field-group elementor-column elementor-field-group-email elementor-col-40 elementor-field-required\">\n\t\t\t\t\t\t\t\t\t\t\t\t\t<input size=\"1\" type=\"text\" name=\"form_fields[email]\" id=\"form-field-email\" class=\"elementor-field elementor-size-lg  elementor-field-textual\" placeholder=\"Empresa\" required=\"required\">\n\t\t\t\t\t\t\t\t\t\t\t<\/div>\n\t\t\t\t\t\t\t\t<div class=\"elementor-field-type-email elementor-field-group elementor-column elementor-field-group-message elementor-col-60 elementor-field-required\">\n\t\t\t\t\t\t\t\t\t\t\t\t\t<input size=\"1\" type=\"email\" name=\"form_fields[message]\" id=\"form-field-message\" class=\"elementor-field elementor-size-lg  elementor-field-textual\" placeholder=\"Email\" required=\"required\">\n\t\t\t\t\t\t\t\t\t\t\t<\/div>\n\t\t\t\t\t\t\t\t<div class=\"elementor-field-type-tel elementor-field-group elementor-column elementor-field-group-field_faec393 elementor-col-40 elementor-field-required\">\n\t\t\t\t\t\t\t<input size=\"1\" type=\"tel\" name=\"form_fields[field_faec393]\" id=\"form-field-field_faec393\" class=\"elementor-field elementor-size-lg  elementor-field-textual\" placeholder=\"Tel\u00e9fono\" required=\"required\" pattern=\"[0-9()#&amp;+*-=.]+\" title=\"Only numbers and phone characters (#, -, *, etc) are accepted.\">\n\n\t\t\t\t\t\t<\/div>\n\t\t\t\t\t\t\t\t<div class=\"elementor-field-type-select elementor-field-group elementor-column elementor-field-group-field_d6a7bb9 elementor-col-50 elementor-field-required\">\n\t\t\t\t\t\t\t\t\t\t\t\t<label for=\"form-field-field_d6a7bb9\" class=\"elementor-field-label\">\n\t\t\t\t\t\t\t\tVolumen de producci\u00f3n\t\t\t\t\t\t\t<\/label>\n\t\t\t\t\t\t\t\t<div class=\"elementor-field elementor-select-wrapper remove-before \">\n\t\t\t<div class=\"select-caret-down-wrapper\">\n\t\t\t\t<svg aria-hidden=\"true\" class=\"e-font-icon-svg e-eicon-caret-down\" viewBox=\"0 0 571.4 571.4\" xmlns=\"http:\/\/www.w3.org\/2000\/svg\"><path d=\"M571 393Q571 407 561 418L311 668Q300 679 286 679T261 668L11 418Q0 407 0 393T11 368 36 357H536Q550 357 561 368T571 393Z\"><\/path><\/svg>\t\t\t<\/div>\n\t\t\t<select name=\"form_fields[field_d6a7bb9]\" id=\"form-field-field_d6a7bb9\" class=\"elementor-field-textual elementor-size-lg\" required=\"required\">\n\t\t\t\t\t\t\t\t\t<option value=\"1,000 a 3,000 piezas\">1,000 a 3,000 piezas<\/option>\n\t\t\t\t\t\t\t\t\t<option value=\"3,000 a 5,000 piezas\">3,000 a 5,000 piezas<\/option>\n\t\t\t\t\t\t\t\t\t<option value=\"5,000 a 50,000 piezas\">5,000 a 50,000 piezas<\/option>\n\t\t\t\t\t\t\t\t\t<option value=\"50,000 o m\u00e1s\">50,000 o m\u00e1s<\/option>\n\t\t\t\t\t\t\t<\/select>\n\t\t<\/div>\n\t\t\t\t\t\t<\/div>\n\t\t\t\t\t\t\t\t<div class=\"elementor-field-type-select elementor-field-group elementor-column elementor-field-group-field_e067a77 elementor-col-50 elementor-field-required\">\n\t\t\t\t\t\t\t\t\t\t\t\t<label for=\"form-field-field_e067a77\" class=\"elementor-field-label\">\n\t\t\t\t\t\t\t\tTipo de Producto\t\t\t\t\t\t\t<\/label>\n\t\t\t\t\t\t\t\t<div class=\"elementor-field elementor-select-wrapper remove-before \">\n\t\t\t<div class=\"select-caret-down-wrapper\">\n\t\t\t\t<svg aria-hidden=\"true\" class=\"e-font-icon-svg e-eicon-caret-down\" viewBox=\"0 0 571.4 571.4\" xmlns=\"http:\/\/www.w3.org\/2000\/svg\"><path d=\"M571 393Q571 407 561 418L311 668Q300 679 286 679T261 668L11 418Q0 407 0 393T11 368 36 357H536Q550 357 561 368T571 393Z\"><\/path><\/svg>\t\t\t<\/div>\n\t\t\t<select name=\"form_fields[field_e067a77]\" id=\"form-field-field_e067a77\" class=\"elementor-field-textual elementor-size-lg\" required=\"required\">\n\t\t\t\t\t\t\t\t\t<option value=\"Polvos\">Polvos<\/option>\n\t\t\t\t\t\t\t\t\t<option value=\"L\u00edquidos\">L\u00edquidos<\/option>\n\t\t\t\t\t\t\t\t\t<option value=\"C\u00e1psulas\">C\u00e1psulas<\/option>\n\t\t\t\t\t\t\t\t\t<option value=\"Jarabes \/ Geles\">Jarabes \/ Geles<\/option>\n\t\t\t\t\t\t\t<\/select>\n\t\t<\/div>\n\t\t\t\t\t\t<\/div>\n\t\t\t\t\t\t\t\t<div class=\"elementor-field-type-textarea elementor-field-group elementor-column elementor-field-group-field_3831760 elementor-col-100 elementor-field-required\">\n\t\t\t\t\t<textarea class=\"elementor-field-textual elementor-field  elementor-size-lg\" name=\"form_fields[field_3831760]\" id=\"form-field-field_3831760\" rows=\"4\" placeholder=\"Mensaje\" required=\"required\"><\/textarea>\t\t\t\t<\/div>\n\t\t\t\t\t\t\t\t<div class=\"elementor-field-type-recaptcha_v3 elementor-field-group elementor-column elementor-field-group-field_dabdab2 elementor-col-100 recaptcha_v3-bottomright\">\n\t\t\t\t\t<div class=\"elementor-field\" id=\"form-field-field_dabdab2\"><div class=\"elementor-g-recaptcha\" data-sitekey=\"6LeOkMwnAAAAAPfQwM-JyLXWJkbXIv3OZcFz8GYQ\" data-type=\"v3\" data-action=\"Form\" data-badge=\"bottomright\" data-size=\"invisible\"><\/div><\/div>\t\t\t\t<\/div>\n\t\t\t\t\t\t\t\t<div class=\"elementor-field-group elementor-column elementor-field-type-submit elementor-col-100 e-form__buttons\">\n\t\t\t\t\t<button class=\"elementor-button elementor-size-sm elementor-animation-shrink\" type=\"submit\">\n\t\t\t\t\t\t<span class=\"elementor-button-content-wrapper\">\n\t\t\t\t\t\t\t\t\t\t\t\t\t\t\t\t\t\t\t\t\t\t<span class=\"elementor-button-text\">Enviar<\/span>\n\t\t\t\t\t\t\t\t\t\t\t\t\t<\/span>\n\t\t\t\t\t<\/button>\n\t\t\t\t<\/div>\n\t\t\t<\/div>\n\t\t<\/form>\n\t\t\t\t\t\t<\/div>\n\t\t\t\t<\/div>\n\t\t\t\t\t<\/div>\n\t\t<\/div>\n\t\t\t\t\t<\/div>\n\t\t<\/section>\n\t\t\t\t\t<\/div>\n\t\t<\/div>\n\t\t\t\t\t<\/div>\n\t\t<\/section>\n\t\t\t\t<\/div>\n\t\t","protected":false},"excerpt":{"rendered":"<p>Lanzar tu producto es m\u00e1s f\u00e1cil de lo que crees, contacta a nuestro equipo para saber costos y procesos para la creaci\u00f3n de tu nuevo producto.<\/p>","protected":false},"author":1,"featured_media":4935,"parent":0,"menu_order":0,"comment_status":"closed","ping_status":"closed","template":"","meta":{"footnotes":""},"class_list":["post-1692","page","type-page","status-publish","has-post-thumbnail","hentry"],"_links":{"self":[{"href":"https:\/\/gibanibb.com\/en\/wp-json\/wp\/v2\/pages\/1692","targetHints":{"allow":["GET"]}}],"collection":[{"href":"https:\/\/gibanibb.com\/en\/wp-json\/wp\/v2\/pages"}],"about":[{"href":"https:\/\/gibanibb.com\/en\/wp-json\/wp\/v2\/types\/page"}],"author":[{"embeddable":true,"href":"https:\/\/gibanibb.com\/en\/wp-json\/wp\/v2\/users\/1"}],"replies":[{"embeddable":true,"href":"https:\/\/gibanibb.com\/en\/wp-json\/wp\/v2\/comments?post=1692"}],"version-history":[{"count":33,"href":"https:\/\/gibanibb.com\/en\/wp-json\/wp\/v2\/pages\/1692\/revisions"}],"predecessor-version":[{"id":5548,"href":"https:\/\/gibanibb.com\/en\/wp-json\/wp\/v2\/pages\/1692\/revisions\/5548"}],"wp:featuredmedia":[{"embeddable":true,"href":"https:\/\/gibanibb.com\/en\/wp-json\/wp\/v2\/media\/4935"}],"wp:attachment":[{"href":"https:\/\/gibanibb.com\/en\/wp-json\/wp\/v2\/media?parent=1692"}],"curies":[{"name":"wp","href":"https:\/\/api.w.org\/{rel}","templated":true}]}}